{"id":1315,"date":"2016-11-21T15:40:17","date_gmt":"2016-11-21T15:40:17","guid":{"rendered":"https:\/\/eeagrants.cig.gov.pt\/inquerito-nacional-sobre-o-uso-do-tempo-por-mulheres-e-homens\/"},"modified":"2017-12-04T10:03:23","modified_gmt":"2017-12-04T10:03:23","slug":"national-survey-on-time-use-by-men-and-women","status":"publish","type":"page","link":"https:\/\/eeagrants.cig.gov.pt\/en\/resultados\/national-survey-on-time-use-by-men-and-women\/","title":{"rendered":"National Survey on Time Use by Men and Women"},"content":{"rendered":"<p>&nbsp;<\/p>\n<p><img loading=\"lazy\" class=\"aligncenter wp-image-818 size-full\" src=\"https:\/\/eeagrants.cig.gov.pt\/wp-content\/uploads\/2016\/11\/usostemporr.jpg\" alt=\"Os usos do tempo de homens e de mulheres em Portugal\" width=\"213\" height=\"221\" \/><\/p>\n<p><img loading=\"lazy\" class=\"aligncenter wp-image-819 size-full\" src=\"https:\/\/eeagrants.cig.gov.pt\/wp-content\/uploads\/2016\/11\/logosusustemporr.png\" alt=\"Os usos do tempo de homens e de mulheres em Portugal\" width=\"414\" height=\"60\" srcset=\"https:\/\/eeagrants.cig.gov.pt\/wp-content\/uploads\/2016\/11\/logosusustemporr.png 414w, https:\/\/eeagrants.cig.gov.pt\/wp-content\/uploads\/2016\/11\/logosusustemporr-300x43.png 300w\" sizes=\"(max-width: 414px) 100vw, 414px\" \/><\/p>\n<p>&nbsp;<\/p>\n<h3><img loading=\"lazy\" class=\"alignnone wp-image-826 size-full\" src=\"https:\/\/eeagrants.cig.gov.pt\/wp-content\/uploads\/2017\/06\/boohinuten.png\" alt=\"Book: The Use of Time by Men and Women in Portugal\" width=\"482\" height=\"29\" \/><\/h3>\n<p><img loading=\"lazy\" class=\"alignnone wp-image-827 size-full\" style=\"border: 1px solid black;\" src=\"https:\/\/eeagrants.cig.gov.pt\/wp-content\/uploads\/2017\/06\/inut_book_en.jpg\" alt=\"Book: The Use of Time by Men and Women in Portugal\" width=\"255\" height=\"360\" \/><br \/>\n<a href=\"https:\/\/eeagrants.cig.gov.pt\/wp-content\/uploads\/2017\/06\/inut_book_en.pdf\" target=\"_blank\"><strong>Book:<\/strong>\u00a0The Use of Time by Men and Women in Portugal<\/a><\/p>\n<h3><img loading=\"lazy\" class=\"alignnone wp-image-840 size-full\" src=\"https:\/\/eeagrants.cig.gov.pt\/wp-content\/uploads\/2017\/06\/polbriefinuten.png\" alt=\"Policy Brief: Os Usos do Tempo de Homens e de Mulheres em Portugal\" width=\"550\" height=\"29\" \/><\/h3>\n<p><img loading=\"lazy\" class=\"alignnone wp-image-829 size-full\" style=\"border: 1px solid black;\" src=\"https:\/\/eeagrants.cig.gov.pt\/wp-content\/uploads\/2017\/06\/inut_policybrief_en.jpg\" alt=\"Policy Brief: The Use of Time by Men and Women in Portugal\" width=\"255\" height=\"360\" \/><br \/>\n<a href=\"https:\/\/eeagrants.cig.gov.pt\/wp-content\/uploads\/2017\/06\/inut_policybrief_en.pdf\" target=\"_blank\"><strong>Policy Brief:<\/strong> The Use of Time by Men and Women in Portugal<\/a><\/p>\n<p><img loading=\"lazy\" class=\"alignnone size-full wp-image-844\" src=\"https:\/\/eeagrants.cig.gov.pt\/wp-content\/uploads\/2016\/11\/campnacionaltempo.png\" alt=\"Campanha Nacional sobre Concilia\u00e7\u00e3o e Usos do Tempo\" width=\"514\" height=\"29\" srcset=\"https:\/\/eeagrants.cig.gov.pt\/wp-content\/uploads\/2016\/11\/campnacionaltempo.png 514w, https:\/\/eeagrants.cig.gov.pt\/wp-content\/uploads\/2016\/11\/campnacionaltempo-300x17.png 300w\" sizes=\"(max-width: 514px) 100vw, 514px\" \/><\/p>\n<p><iframe width=\"500\" height=\"281\" src=\"https:\/\/www.youtube.com\/embed\/WByDfMkDJ5Y?feature=oembed\" frameborder=\"0\" gesture=\"media\" allow=\"encrypted-media\" allowfullscreen><\/iframe><\/p>\n<ul>\n<li><strong>V\u00eddeo:<\/strong> Campanha Nacional sobre Concilia\u00e7\u00e3o e Usos do Tempo<\/li>\n<\/ul>\n<p><img loading=\"lazy\" class=\"alignnone size-full wp-image-944\" style=\"border: 1px solid black;\" src=\"https:\/\/eeagrants.cig.gov.pt\/wp-content\/uploads\/2016\/11\/mupi1.jpg\" alt=\"Mupi 1\" width=\"227\" height=\"336\" srcset=\"https:\/\/eeagrants.cig.gov.pt\/wp-content\/uploads\/2016\/11\/mupi1.jpg 227w, https:\/\/eeagrants.cig.gov.pt\/wp-content\/uploads\/2016\/11\/mupi1-203x300.jpg 203w\" sizes=\"(max-width: 227px) 100vw, 227px\" \/>\u00a0 \u00a0<img loading=\"lazy\" class=\"alignnone size-full wp-image-945\" style=\"border: 1px solid black;\" src=\"https:\/\/eeagrants.cig.gov.pt\/wp-content\/uploads\/2016\/11\/mupi2.jpg\" alt=\"Mupi 2\" width=\"227\" height=\"336\" srcset=\"https:\/\/eeagrants.cig.gov.pt\/wp-content\/uploads\/2016\/11\/mupi2.jpg 227w, https:\/\/eeagrants.cig.gov.pt\/wp-content\/uploads\/2016\/11\/mupi2-203x300.jpg 203w\" sizes=\"(max-width: 227px) 100vw, 227px\" \/>\u00a0 \u00a0<img loading=\"lazy\" class=\"alignnone size-full wp-image-946\" style=\"border: 1px solid black;\" src=\"https:\/\/eeagrants.cig.gov.pt\/wp-content\/uploads\/2016\/11\/mupi3.jpg\" alt=\"Mupi 3\" width=\"227\" height=\"336\" srcset=\"https:\/\/eeagrants.cig.gov.pt\/wp-content\/uploads\/2016\/11\/mupi3.jpg 227w, https:\/\/eeagrants.cig.gov.pt\/wp-content\/uploads\/2016\/11\/mupi3-203x300.jpg 203w\" sizes=\"(max-width: 227px) 100vw, 227px\" \/>\u00a0 \u00a0<img loading=\"lazy\" class=\"alignnone size-full wp-image-947\" style=\"border: 1px solid black;\" src=\"https:\/\/eeagrants.cig.gov.pt\/wp-content\/uploads\/2016\/11\/mupi4.jpg\" alt=\"Mupi 4\" width=\"227\" height=\"336\" srcset=\"https:\/\/eeagrants.cig.gov.pt\/wp-content\/uploads\/2016\/11\/mupi4.jpg 227w, https:\/\/eeagrants.cig.gov.pt\/wp-content\/uploads\/2016\/11\/mupi4-203x300.jpg 203w\" sizes=\"(max-width: 227px) 100vw, 227px\" \/><\/p>\n<ul>\n<li><a href=\"http:\/\/cite.gov.pt\/pt\/destaques\/complementosDestqs2\/mupi1.pdf\" target=\"_blank\">Mupi 1<\/a> &#8211;\u00a0<a href=\"http:\/\/cite.gov.pt\/pt\/destaques\/complementosDestqs2\/mupi2.pdf\" target=\"_blank\">Mupi 2<\/a>\u00a0&#8211;\u00a0<a href=\"http:\/\/cite.gov.pt\/pt\/destaques\/complementosDestqs2\/mupi3.pdf\" target=\"_blank\">Mupi 3<\/a>\u00a0&#8211;\u00a0<a href=\"http:\/\/cite.gov.pt\/pt\/destaques\/complementosDestqs2\/mupi4.pdf\" target=\"_blank\">Mupi 4<\/a><\/li>\n<\/ul>\n\n\t\t<style type=\"text\/css\">\n\t\t\t#gallery-1 {\n\t\t\t\tmargin: auto;\n\t\t\t}\n\t\t\t#gallery-1 .gallery-item {\n\t\t\t\tfloat: left;\n\t\t\t\tmargin-top: 10px;\n\t\t\t\ttext-align: center;\n\t\t\t\twidth: 100%;\n\t\t\t}\n\t\t\t#gallery-1 img {\n\t\t\t\tborder: 2px solid #cfcfcf;\n\t\t\t}\n\t\t\t#gallery-1 .gallery-caption {\n\t\t\t\tmargin-left: 0;\n\t\t\t}\n\t\t\t\/* see gallery_shortcode() in wp-includes\/media.php *\/\n\t\t<\/style>\n\t\t<div id='gallery-1' class='gallery galleryid-1315 gallery-columns-1 gallery-size-medium'><dl class='gallery-item'>\n\t\t\t<dt class='gallery-icon portrait'>\n\t\t\t\t<a href='https:\/\/eeagrants.cig.gov.pt\/wp-content\/uploads\/2016\/11\/bloco_imang.png' title=\"\" data-rl_title=\"\" class=\"rl-gallery-link\" data-rl_caption=\"\" data-rel=\"lightbox-gallery-1\"><img width=\"240\" height=\"300\" src=\"https:\/\/eeagrants.cig.gov.pt\/wp-content\/uploads\/2016\/11\/bloco_imang-240x300.png\" class=\"attachment-medium size-medium\" alt=\"\" loading=\"lazy\" aria-describedby=\"gallery-1-1544\" srcset=\"https:\/\/eeagrants.cig.gov.pt\/wp-content\/uploads\/2016\/11\/bloco_imang-240x300.png 240w, https:\/\/eeagrants.cig.gov.pt\/wp-content\/uploads\/2016\/11\/bloco_imang.png 608w\" sizes=\"(max-width: 240px) 100vw, 240px\" \/><\/a>\n\t\t\t<\/dt>\n\t\t\t\t<dd class='wp-caption-text gallery-caption' id='gallery-1-1544'>\n\t\t\t\tBloco notas\n\t\t\t\t<\/dd><\/dl><br style=\"clear: both\" \/>\n\t\t<\/div>\n\n\n\t\t<style type=\"text\/css\">\n\t\t\t#gallery-2 {\n\t\t\t\tmargin: auto;\n\t\t\t}\n\t\t\t#gallery-2 .gallery-item {\n\t\t\t\tfloat: left;\n\t\t\t\tmargin-top: 10px;\n\t\t\t\ttext-align: center;\n\t\t\t\twidth: 100%;\n\t\t\t}\n\t\t\t#gallery-2 img {\n\t\t\t\tborder: 2px solid #cfcfcf;\n\t\t\t}\n\t\t\t#gallery-2 .gallery-caption {\n\t\t\t\tmargin-left: 0;\n\t\t\t}\n\t\t\t\/* see gallery_shortcode() in wp-includes\/media.php *\/\n\t\t<\/style>\n\t\t<div id='gallery-2' class='gallery galleryid-1315 gallery-columns-1 gallery-size-medium'><dl class='gallery-item'>\n\t\t\t<dt class='gallery-icon landscape'>\n\t\t\t\t<a href='https:\/\/eeagrants.cig.gov.pt\/wp-content\/uploads\/2016\/11\/calendariog.jpg' title=\"\" data-rl_title=\"\" class=\"rl-gallery-link\" data-rl_caption=\"\" data-rel=\"lightbox-gallery-2\"><img width=\"300\" height=\"240\" src=\"https:\/\/eeagrants.cig.gov.pt\/wp-content\/uploads\/2016\/11\/calendariog-300x240.jpg\" class=\"attachment-medium size-medium\" alt=\"\" loading=\"lazy\" aria-describedby=\"gallery-2-1545\" srcset=\"https:\/\/eeagrants.cig.gov.pt\/wp-content\/uploads\/2016\/11\/calendariog-300x240.jpg 300w, https:\/\/eeagrants.cig.gov.pt\/wp-content\/uploads\/2016\/11\/calendariog.jpg 760w\" sizes=\"(max-width: 300px) 100vw, 300px\" \/><\/a>\n\t\t\t<\/dt>\n\t\t\t\t<dd class='wp-caption-text gallery-caption' id='gallery-2-1545'>\n\t\t\t\tCalend\u00e1rio\n\t\t\t\t<\/dd><\/dl><br style=\"clear: both\" \/>\n\t\t<\/div>\n\n<p><img loading=\"lazy\" class=\"alignnone size-full wp-image-845\" src=\"https:\/\/eeagrants.cig.gov.pt\/wp-content\/uploads\/2016\/11\/conffinaltempo.png\" alt=\"Confer\u00eancia Final do Projeto INUT - Inqu\u00e9rito Nacional aos Usos do Tempo de Homens e de Mulheres\" width=\"350\" height=\"29\" srcset=\"https:\/\/eeagrants.cig.gov.pt\/wp-content\/uploads\/2016\/11\/conffinaltempo.png 350w, https:\/\/eeagrants.cig.gov.pt\/wp-content\/uploads\/2016\/11\/conffinaltempo-300x25.png 300w, https:\/\/eeagrants.cig.gov.pt\/wp-content\/uploads\/2016\/11\/conffinaltempo-332x29.png 332w\" sizes=\"(max-width: 350px) 100vw, 350px\" \/><\/p>\n<p><img loading=\"lazy\" class=\"alignnone size-full wp-image-941\" src=\"https:\/\/eeagrants.cig.gov.pt\/wp-content\/uploads\/2016\/11\/confinut.jpg\" alt=\"Confer\u00eancia Final do Projeto INUT - Inqu\u00e9rito Nacional aos Usos do Tempo de Homens e de Mulheres\" width=\"432\" height=\"190\" srcset=\"https:\/\/eeagrants.cig.gov.pt\/wp-content\/uploads\/2016\/11\/confinut.jpg 432w, https:\/\/eeagrants.cig.gov.pt\/wp-content\/uploads\/2016\/11\/confinut-300x132.jpg 300w\" sizes=\"(max-width: 432px) 100vw, 432px\" \/><\/p>\n<ul>\n<li><a href=\"http:\/\/www.inut.info\/conferencia-final-do-projeto-inut.html\" target=\"_blank\">Confer\u00eancia Final do Projeto INUT &#8211; Inqu\u00e9rito Nacional aos Usos do Tempo de Homens e de Mulheres \u00bb<\/a><\/li>\n<\/ul>\n<p>&nbsp;<\/p>\n<p>&nbsp;<\/p>\n<p><a href=\"http:\/\/www.cesis.org\/pt\/area-actividade\/198\/inquerito-nacional-aos-usos-do-tempo-de-homens-e-de-mulheres-(inut)\/\" target=\"_blank\"><img loading=\"lazy\" class=\"aligncenter wp-image-831 size-full\" src=\"https:\/\/eeagrants.cig.gov.pt\/wp-content\/uploads\/2016\/11\/visitarprojtempo.png\" alt=\"National survey on time use by men and women\" width=\"428\" height=\"340\" srcset=\"https:\/\/eeagrants.cig.gov.pt\/wp-content\/uploads\/2016\/11\/visitarprojtempo.png 428w, https:\/\/eeagrants.cig.gov.pt\/wp-content\/uploads\/2016\/11\/visitarprojtempo-300x238.png 300w\" sizes=\"(max-width: 428px) 100vw, 428px\" \/><\/a><\/p>\n","protected":false},"excerpt":{"rendered":"<p>&nbsp; &nbsp; Book:\u00a0The Use of Time by Men and Women in Portugal Policy Brief: The Use of Time by Men and Women in Portugal V\u00eddeo: Campanha Nacional sobre Concilia\u00e7\u00e3o e Usos do Tempo \u00a0 \u00a0\u00a0 \u00a0\u00a0 \u00a0 Mupi 1 &#8211;\u00a0Mupi 2\u00a0&#8211;\u00a0Mupi 3\u00a0&#8211;\u00a0Mupi 4 Confer\u00eancia Final do Projeto INUT &#8211; Inqu\u00e9rito Nacional aos Usos do Tempo [&hellip;]<\/p>\n","protected":false},"author":2,"featured_media":0,"parent":1377,"menu_order":0,"comment_status":"closed","ping_status":"closed","template":"","meta":{"_genesis_hide_title":false,"_genesis_hide_breadcrumbs":false,"_genesis_hide_singular_image":false,"_genesis_hide_footer_widgets":false,"_genesis_custom_body_class":"","_genesis_custom_post_class":"","_genesis_layout":""},"_links":{"self":[{"href":"https:\/\/eeagrants.cig.gov.pt\/en\/wp-json\/wp\/v2\/pages\/1315"}],"collection":[{"href":"https:\/\/eeagrants.cig.gov.pt\/en\/wp-json\/wp\/v2\/pages"}],"about":[{"href":"https:\/\/eeagrants.cig.gov.pt\/en\/wp-json\/wp\/v2\/types\/page"}],"author":[{"embeddable":true,"href":"https:\/\/eeagrants.cig.gov.pt\/en\/wp-json\/wp\/v2\/users\/2"}],"replies":[{"embeddable":true,"href":"https:\/\/eeagrants.cig.gov.pt\/en\/wp-json\/wp\/v2\/comments?post=1315"}],"version-history":[{"count":9,"href":"https:\/\/eeagrants.cig.gov.pt\/en\/wp-json\/wp\/v2\/pages\/1315\/revisions"}],"predecessor-version":[{"id":2491,"href":"https:\/\/eeagrants.cig.gov.pt\/en\/wp-json\/wp\/v2\/pages\/1315\/revisions\/2491"}],"up":[{"embeddable":true,"href":"https:\/\/eeagrants.cig.gov.pt\/en\/wp-json\/wp\/v2\/pages\/1377"}],"wp:attachment":[{"href":"https:\/\/eeagrants.cig.gov.pt\/en\/wp-json\/wp\/v2\/media?parent=1315"}],"curies":[{"name":"wp","href":"https:\/\/api.w.org\/{rel}","templated":true}]}}