{"id":1319,"date":"2016-11-21T15:38:59","date_gmt":"2016-11-21T15:38:59","guid":{"rendered":"https:\/\/eeagrants.cig.gov.pt\/working-genderation-no-trabalho-e-na-vida\/"},"modified":"2017-03-16T22:37:56","modified_gmt":"2017-03-16T22:37:56","slug":"working-genderation-at-work-and-in-life","status":"publish","type":"page","link":"https:\/\/eeagrants.cig.gov.pt\/en\/resultados\/working-genderation-at-work-and-in-life\/","title":{"rendered":"Working Genderation \u2013 at Work and in Life"},"content":{"rendered":"<p>&nbsp;<\/p>\n<p><img loading=\"lazy\" class=\"aligncenter size-full wp-image-448\" src=\"https:\/\/eeagrants.cig.gov.pt\/wp-content\/uploads\/2016\/11\/logo_Projeto_WG_PT.png\" alt=\"Working Genderation \u2013 no Trabalho e na Vida\" width=\"393\" height=\"214\" srcset=\"https:\/\/eeagrants.cig.gov.pt\/wp-content\/uploads\/2016\/11\/logo_Projeto_WG_PT.png 393w, https:\/\/eeagrants.cig.gov.pt\/wp-content\/uploads\/2016\/11\/logo_Projeto_WG_PT-300x163.png 300w\" sizes=\"(max-width: 393px) 100vw, 393px\" \/><\/p>\n<p><img loading=\"lazy\" class=\"aligncenter wp-image-883 size-full\" src=\"https:\/\/eeagrants.cig.gov.pt\/wp-content\/uploads\/2016\/11\/coisologs.png\" alt=\"Working Genderation \u2013 no Trabalho e na Vida\" width=\"664\" height=\"68\" srcset=\"https:\/\/eeagrants.cig.gov.pt\/wp-content\/uploads\/2016\/11\/coisologs.png 664w, https:\/\/eeagrants.cig.gov.pt\/wp-content\/uploads\/2016\/11\/coisologs-300x31.png 300w\" sizes=\"(max-width: 664px) 100vw, 664px\" \/><\/p>\n<p>&nbsp;<\/p>\n<p><img loading=\"lazy\" class=\"alignnone size-full wp-image-1004\" src=\"https:\/\/eeagrants.cig.gov.pt\/wp-content\/uploads\/2016\/11\/materiais.png\" alt=\"materiais\" width=\"97\" height=\"29\" \/><\/p>\n<h3><strong>Avaliar<\/strong><\/h3>\n<ul>\n<li><a href=\"https:\/\/eeagrants.cig.gov.pt\/wp-content\/uploads\/2017\/01\/Anexo7_PlanosFormativos_WG.pdf\" target=\"_blank\">Planos Formativos<\/a><\/li>\n<li><a href=\"https:\/\/eeagrants.cig.gov.pt\/wp-content\/uploads\/2017\/01\/Anexo8_QuestionarioAvalia\u00e7\u00e3o_Formandoas.pdf\" target=\"_blank\">Question\u00e1rio de Avalia\u00e7\u00e3o da Forma\u00e7\u00e3o<\/a><\/li>\n<li><a href=\"https:\/\/eeagrants.cig.gov.pt\/wp-content\/uploads\/2017\/01\/Anexo6_QuestionarioCaracteriza\u00e7\u00e3oEmpresas.pdf\" target=\"_blank\">Question\u00e1rio de Caracteriza\u00e7\u00e3o de Empresas<\/a><\/li>\n<\/ul>\n<p>&nbsp;<\/p>\n<h3><strong>Intervir<\/strong><\/h3>\n<ul>\n<li><a href=\"https:\/\/eeagrants.cig.gov.pt\/wp-content\/uploads\/2017\/01\/Anexo5_DossieApresentacao.pdf\" target=\"_blank\">Dossi\u00ea de Apresenta\u00e7\u00e3o \u00e0s Empresas<\/a><\/li>\n<li><a href=\"https:\/\/eeagrants.cig.gov.pt\/wp-content\/uploads\/2017\/01\/Anexo4_EntrevistaSemiEstruturada.pdf\" target=\"_blank\">Entrevista Semiestruturada<\/a><\/li>\n<li>Campanhas de Sensibiliza\u00e7\u00e3o\n<ul>\n<li><a href=\"https:\/\/eeagrants.cig.gov.pt\/wp-content\/uploads\/2017\/01\/Campanha-crian\u00e7as.pdf\" target=\"_blank\">Campanha Crian\u00e7as<\/a><\/li>\n<li><a href=\"https:\/\/eeagrants.cig.gov.pt\/wp-content\/uploads\/2017\/01\/Campanha-Desigualdade.pdf\" target=\"_blank\">Campanha Desigualdade<\/a><\/li>\n<li><a href=\"https:\/\/eeagrants.cig.gov.pt\/wp-content\/uploads\/2017\/01\/Campanha-empresas.pdf\" target=\"_blank\">Campanha Empresas<\/a><\/li>\n<li><a href=\"https:\/\/eeagrants.cig.gov.pt\/wp-content\/uploads\/2017\/01\/Campanha-gap.pdf\" target=\"_blank\">Campanha Gap<\/a><\/li>\n<li><a href=\"https:\/\/eeagrants.cig.gov.pt\/wp-content\/uploads\/2017\/01\/Campanha-licen\u00e7a.pdf\" target=\"_blank\">Campanha Licen\u00e7a<\/a><\/li>\n<li><a href=\"https:\/\/eeagrants.cig.gov.pt\/wp-content\/uploads\/2017\/01\/Campanha-mae.pdf\" target=\"_blank\">Campanha M\u00e3e<\/a><\/li>\n<li><a href=\"https:\/\/eeagrants.cig.gov.pt\/wp-content\/uploads\/2017\/01\/Campanha-m\u00e3os-dadas.pdf\" target=\"_blank\">Campanha M\u00e3os dadas<\/a><\/li>\n<li><a href=\"https:\/\/eeagrants.cig.gov.pt\/wp-content\/uploads\/2017\/01\/Campanha-Marcadores.pdf\" target=\"_blank\">Campanha Marcadores<\/a><\/li>\n<\/ul>\n<\/li>\n<li><a href=\"https:\/\/issuu.com\/workinggenderation\/docs\/atividades\" target=\"_blank\">Atividades \u00bb<\/a><\/li>\n<\/ul>\n<p>&nbsp;<\/p>\n<h3><strong>Confer\u00eancia Final<\/strong><\/h3>\n<ul>\n<li><a href=\"http:\/\/workinggenderation.fpce.up.pt\/PT\/noticias\/projeto-working-genderation-organizou-seminario-final-para-apresentacao-de-resultados\/\" target=\"_blank\">Confer\u00eancia final<\/a><\/li>\n<\/ul>\n<p>&nbsp;<\/p>\n<ul>\n<li><a href=\"https:\/\/eeagrants.cig.gov.pt\/wp-content\/uploads\/2017\/01\/Anexo14_PosterCientifico.pdf\" target=\"_blank\">Poster Cient\u00edfico<\/a><\/li>\n<li><a href=\"https:\/\/eeagrants.cig.gov.pt\/wp-content\/uploads\/2017\/01\/Anexo15_QuestionarioAvaliacaoProjeto.pdf\" target=\"_blank\">Question\u00e1rio de Avalia\u00e7\u00e3o do Projeto<\/a><\/li>\n<li>Anexo 10 &#8211; Revistas\n<ul>\n<li><a href=\"https:\/\/eeagrants.cig.gov.pt\/wp-content\/uploads\/2017\/01\/Revista_1_WG.pdf\" target=\"_blank\">Revista 1 WG<\/a><\/li>\n<li><a href=\"https:\/\/eeagrants.cig.gov.pt\/wp-content\/uploads\/2017\/01\/Revista2_WG.pdf\" target=\"_blank\">Revista 2 WG<\/a><\/li>\n<li><a href=\"https:\/\/eeagrants.cig.gov.pt\/wp-content\/uploads\/2017\/01\/Revista3_WG.pdf\" target=\"_blank\">Revista 3 WG<\/a><\/li>\n<\/ul>\n<\/li>\n<li>Anexo 11 &#8211; Newsletters\n<ul>\n<li><a href=\"https:\/\/eeagrants.cig.gov.pt\/wp-content\/uploads\/2017\/01\/Newsletter-Junho-2015.pdf\" target=\"_blank\">Newsletter Junho 2015<\/a><\/li>\n<li><a href=\"https:\/\/eeagrants.cig.gov.pt\/wp-content\/uploads\/2017\/01\/Newsletter-Novembro-2015.pdf\" target=\"_blank\">Newsletter Novembro 2015<\/a><\/li>\n<\/ul>\n<\/li>\n<\/ul>\n<p>&nbsp;<\/p>\n<p>&nbsp;<\/p>\n<p><a href=\"http:\/\/workinggenderation.fpce.up.pt\/\" target=\"_blank\"><img loading=\"lazy\" class=\"aligncenter wp-image-888 size-full\" src=\"https:\/\/eeagrants.cig.gov.pt\/wp-content\/uploads\/2017\/03\/genderprojj_en.png\" alt=\"http:\/\/workinggenderation.fpce.up.pt\/\" width=\"428\" height=\"340\" \/><\/a><\/p>\n","protected":false},"excerpt":{"rendered":"<p>&nbsp; &nbsp; Avaliar Planos Formativos Question\u00e1rio de Avalia\u00e7\u00e3o da Forma\u00e7\u00e3o Question\u00e1rio de Caracteriza\u00e7\u00e3o de Empresas &nbsp; Intervir Dossi\u00ea de Apresenta\u00e7\u00e3o \u00e0s Empresas Entrevista Semiestruturada Campanhas de Sensibiliza\u00e7\u00e3o Campanha Crian\u00e7as Campanha Desigualdade Campanha Empresas Campanha Gap Campanha Licen\u00e7a Campanha M\u00e3e Campanha M\u00e3os dadas Campanha Marcadores Atividades \u00bb &nbsp; Confer\u00eancia Final Confer\u00eancia final &nbsp; Poster Cient\u00edfico Question\u00e1rio [&hellip;]<\/p>\n","protected":false},"author":2,"featured_media":0,"parent":1377,"menu_order":0,"comment_status":"closed","ping_status":"closed","template":"","meta":{"_genesis_hide_title":false,"_genesis_hide_breadcrumbs":false,"_genesis_hide_singular_image":false,"_genesis_hide_footer_widgets":false,"_genesis_custom_body_class":"","_genesis_custom_post_class":"","_genesis_layout":""},"_links":{"self":[{"href":"https:\/\/eeagrants.cig.gov.pt\/en\/wp-json\/wp\/v2\/pages\/1319"}],"collection":[{"href":"https:\/\/eeagrants.cig.gov.pt\/en\/wp-json\/wp\/v2\/pages"}],"about":[{"href":"https:\/\/eeagrants.cig.gov.pt\/en\/wp-json\/wp\/v2\/types\/page"}],"author":[{"embeddable":true,"href":"https:\/\/eeagrants.cig.gov.pt\/en\/wp-json\/wp\/v2\/users\/2"}],"replies":[{"embeddable":true,"href":"https:\/\/eeagrants.cig.gov.pt\/en\/wp-json\/wp\/v2\/comments?post=1319"}],"version-history":[{"count":2,"href":"https:\/\/eeagrants.cig.gov.pt\/en\/wp-json\/wp\/v2\/pages\/1319\/revisions"}],"predecessor-version":[{"id":1927,"href":"https:\/\/eeagrants.cig.gov.pt\/en\/wp-json\/wp\/v2\/pages\/1319\/revisions\/1927"}],"up":[{"embeddable":true,"href":"https:\/\/eeagrants.cig.gov.pt\/en\/wp-json\/wp\/v2\/pages\/1377"}],"wp:attachment":[{"href":"https:\/\/eeagrants.cig.gov.pt\/en\/wp-json\/wp\/v2\/media?parent=1319"}],"curies":[{"name":"wp","href":"https:\/\/api.w.org\/{rel}","templated":true}]}}