{"id":1327,"date":"2016-11-21T15:29:25","date_gmt":"2016-11-21T15:29:25","guid":{"rendered":"https:\/\/eeagrants.cig.gov.pt\/ig-os-igualdade-de-genero-odivelas-e-seixal\/"},"modified":"2017-11-27T16:15:42","modified_gmt":"2017-11-27T16:15:42","slug":"igos-gender-equality-odivelas-and-seixal","status":"publish","type":"page","link":"https:\/\/eeagrants.cig.gov.pt\/en\/resultados\/igos-gender-equality-odivelas-and-seixal\/","title":{"rendered":"IGOS &#8211; Gender Equality: Odivelas and Seixal"},"content":{"rendered":"<p>&nbsp;<\/p>\n<p><img loading=\"lazy\" class=\"aligncenter wp-image-1052 size-full\" src=\"https:\/\/eeagrants.cig.gov.pt\/wp-content\/uploads\/2016\/11\/igos3.png\" alt=\"IG-OS -Igualdade de G\u00e9nero- Odivelas e Seixal\" width=\"300\" height=\"252\" \/><\/p>\n<p>&nbsp;<\/p>\n<p><img loading=\"lazy\" class=\"aligncenter wp-image-1054 size-full\" src=\"https:\/\/eeagrants.cig.gov.pt\/wp-content\/uploads\/2016\/11\/logosigorR.png\" alt=\"IG-OS -Igualdade de G\u00e9nero- Odivelas e Seixal\" width=\"660\" height=\"60\" srcset=\"https:\/\/eeagrants.cig.gov.pt\/wp-content\/uploads\/2016\/11\/logosigorR.png 660w, https:\/\/eeagrants.cig.gov.pt\/wp-content\/uploads\/2016\/11\/logosigorR-300x27.png 300w\" sizes=\"(max-width: 660px) 100vw, 660px\" \/><\/p>\n<p><img loading=\"lazy\" class=\"alignnone wp-image-2459 size-full\" src=\"https:\/\/eeagrants.cig.gov.pt\/wp-content\/uploads\/2016\/11\/products.png\" alt=\"Products\" width=\"97\" height=\"29\" \/><\/p>\n<p><strong>Videos<\/strong><\/p>\n<p>IGOS establishes a network on gender equality promotion assessment<\/p>\n<p><iframe width=\"500\" height=\"281\" src=\"https:\/\/www.youtube.com\/embed\/VLtlwc199iI?feature=oembed\" frameborder=\"0\" gesture=\"media\" allowfullscreen><\/iframe><\/p>\n<p><strong>Manuais<\/strong><\/p>\n<ul>\n<li><a href=\"https:\/\/eeagrants.cig.gov.pt\/wp-content\/uploads\/2017\/01\/IGOS_Instrumento-de-avalia\u00e7\u00e3o-7-passos.pdf\" target=\"_blank\">IGOS &#8211; Instrumento de avalia\u00e7\u00e3o 7 passos<\/a><\/li>\n<li><a href=\"https:\/\/eeagrants.cig.gov.pt\/wp-content\/uploads\/2017\/01\/IGOS_Proposta-Metodologica_Fichas-1-e-2.pdf\" target=\"_blank\">IGOS &#8211; Proposta Metodol\u00f3gica &#8211; Fichas 1 e 2<\/a><\/li>\n<li><a href=\"https:\/\/cld.pt\/dl\/download\/557d0dcb-bce7-400e-a216-5310f1335ba6\/Manual%20IGOS.pdf\" target=\"_blank\">Manual IGOS<\/a><\/li>\n<li><a href=\"https:\/\/eeagrants.cig.gov.pt\/wp-content\/uploads\/2017\/01\/QUESTIONARIO-IGOS.pdf\" target=\"_blank\">Question\u00e1rio IGOS<\/a><\/li>\n<li><a href=\"https:\/\/cld.pt\/dl\/download\/36425618-d356-4f89-af75-90618661eace\/Sess%C3%B5es%20de%20Trabalho%20IGOS.pdf\" target=\"_blank\">Sess\u00f5es de Trabalho IGOS<\/a><\/li>\n<\/ul>\n<p>&nbsp;<\/p>\n<p>Para mais informa\u00e7\u00e3o consultar: <a href=\"https:\/\/cieg.wordpress.com\/\" target=\"_blank\">http:\/\/www.igos-cieg.org\/<\/a><\/p>\n<p><a href=\"http:\/\/www.igos-cieg.org\/\" target=\"_blank\"><img loading=\"lazy\" class=\"aligncenter wp-image-1055 size-full\" src=\"https:\/\/eeagrants.cig.gov.pt\/wp-content\/uploads\/2017\/03\/visitarigos_en.png\" alt=\"IG-OS Igualdade de G\u00e9nero Odivelas Seixal\" width=\"428\" height=\"440\" \/><\/a><\/p>\n","protected":false},"excerpt":{"rendered":"<p>&nbsp; &nbsp; Videos IGOS establishes a network on gender equality promotion assessment Manuais IGOS &#8211; Instrumento de avalia\u00e7\u00e3o 7 passos IGOS &#8211; Proposta Metodol\u00f3gica &#8211; Fichas 1 e 2 Manual IGOS Question\u00e1rio IGOS Sess\u00f5es de Trabalho IGOS &nbsp; Para mais informa\u00e7\u00e3o consultar: http:\/\/www.igos-cieg.org\/<\/p>\n","protected":false},"author":2,"featured_media":0,"parent":1377,"menu_order":0,"comment_status":"closed","ping_status":"closed","template":"","meta":{"_genesis_hide_title":false,"_genesis_hide_breadcrumbs":false,"_genesis_hide_singular_image":false,"_genesis_hide_footer_widgets":false,"_genesis_custom_body_class":"","_genesis_custom_post_class":"","_genesis_layout":""},"_links":{"self":[{"href":"https:\/\/eeagrants.cig.gov.pt\/en\/wp-json\/wp\/v2\/pages\/1327"}],"collection":[{"href":"https:\/\/eeagrants.cig.gov.pt\/en\/wp-json\/wp\/v2\/pages"}],"about":[{"href":"https:\/\/eeagrants.cig.gov.pt\/en\/wp-json\/wp\/v2\/types\/page"}],"author":[{"embeddable":true,"href":"https:\/\/eeagrants.cig.gov.pt\/en\/wp-json\/wp\/v2\/users\/2"}],"replies":[{"embeddable":true,"href":"https:\/\/eeagrants.cig.gov.pt\/en\/wp-json\/wp\/v2\/comments?post=1327"}],"version-history":[{"count":4,"href":"https:\/\/eeagrants.cig.gov.pt\/en\/wp-json\/wp\/v2\/pages\/1327\/revisions"}],"predecessor-version":[{"id":2466,"href":"https:\/\/eeagrants.cig.gov.pt\/en\/wp-json\/wp\/v2\/pages\/1327\/revisions\/2466"}],"up":[{"embeddable":true,"href":"https:\/\/eeagrants.cig.gov.pt\/en\/wp-json\/wp\/v2\/pages\/1377"}],"wp:attachment":[{"href":"https:\/\/eeagrants.cig.gov.pt\/en\/wp-json\/wp\/v2\/media?parent=1327"}],"curies":[{"name":"wp","href":"https:\/\/api.w.org\/{rel}","templated":true}]}}