{"id":1329,"date":"2016-11-21T15:29:01","date_gmt":"2016-11-21T15:29:01","guid":{"rendered":"https:\/\/eeagrants.cig.gov.pt\/a-lei-de-identidade-de-genero-impacto-e-desafios-da-inovacao-legal-na-area-do-transgenero\/"},"modified":"2017-03-28T09:38:02","modified_gmt":"2017-03-28T09:38:02","slug":"the-gender-identity-law-impact-and-challenges-of-legal-innovation-in-the-transgender-area","status":"publish","type":"page","link":"https:\/\/eeagrants.cig.gov.pt\/en\/resultados\/the-gender-identity-law-impact-and-challenges-of-legal-innovation-in-the-transgender-area\/","title":{"rendered":"The Gender Identity Law: Impact and Challenges of Legal Innovation in the (Trans)Gender Area"},"content":{"rendered":"<p>&nbsp;<\/p>\n<p><img loading=\"lazy\" class=\"aligncenter wp-image-1074 size-full\" src=\"https:\/\/eeagrants.cig.gov.pt\/wp-content\/uploads\/2016\/11\/LIGg300.jpg\" alt=\"A \u2018Lei de Identidade de G\u00e9nero\u2019: Impacto e Desafios da Inova\u00e7\u00e3o Legal na \u00c1rea do (trans)G\u00e9nero\" width=\"300\" height=\"219\" \/><\/p>\n<p><img loading=\"lazy\" class=\"aligncenter wp-image-1075 size-full\" src=\"https:\/\/eeagrants.cig.gov.pt\/wp-content\/uploads\/2016\/11\/logosLei.jpg\" alt=\"A \u2018Lei de Identidade de G\u00e9nero\u2019: Impacto e Desafios da Inova\u00e7\u00e3o Legal na \u00c1rea do (trans)G\u00e9nero\" width=\"660\" height=\"60\" srcset=\"https:\/\/eeagrants.cig.gov.pt\/wp-content\/uploads\/2016\/11\/logosLei.jpg 660w, https:\/\/eeagrants.cig.gov.pt\/wp-content\/uploads\/2016\/11\/logosLei-300x27.jpg 300w\" sizes=\"(max-width: 660px) 100vw, 660px\" \/><\/p>\n<p><a href=\"http:\/\/conferencia-identidadedegenero.iscte-iul.pt\/\" target=\"_blank\">http:\/\/conferencia-identidadedegenero.iscte-iul.pt\/<\/a><\/p>\n<p><a href=\"http:\/\/ilga-portugal.pt\/ficheiros\/pdfs\/Folheto_Lei_Identidade_Gen.pdf\" target=\"_blank\"><strong>Publica\u00e7\u00e3o:<\/strong> A Lei da Identidade de G\u00e9nero<\/a><br \/>\nFolheto resultante da avalia\u00e7\u00e3o do funcionamento o impacto da lei n\u00ba7\/2011 (vulgarmente chamada \u201clei de identidade de g\u00e9nero\u201d, e que permite a mudan\u00e7a de sexo legal e de nome pr\u00f3prio em conservat\u00f3rias de registo civil), desenvolvido pela A ILGA Portugal, em parceria com o ISCTE \u2013 Instituto Universit\u00e1rio de Lisboa e a LLH (associa\u00e7\u00e3o LGBT norueguesa).<\/p>\n<p>Na not\u00edcia da ILGA <a href=\"http:\/\/ilga-portugal.pt\/noticias\/855.php\" target=\"_blank\">http:\/\/ilga-portugal.pt\/noticias\/855.php<\/a>\u00a0est\u00e1 Relat\u00f3rio (incluir?)<br \/>\n<a href=\"http:\/\/ilga-portugal.pt\/ficheiros\/pdfs\/LIG\/Relatorio_Resultados_projeto_EEA.pdf\" target=\"_blank\">http:\/\/ilga-portugal.pt\/ficheiros\/pdfs\/LIG\/Relatorio_Resultados_projeto_EEA.pdf<\/a><\/p>\n<p>&nbsp;<\/p>\n","protected":false},"excerpt":{"rendered":"<p>&nbsp; http:\/\/conferencia-identidadedegenero.iscte-iul.pt\/ Publica\u00e7\u00e3o: A Lei da Identidade de G\u00e9nero Folheto resultante da avalia\u00e7\u00e3o do funcionamento o impacto da lei n\u00ba7\/2011 (vulgarmente chamada \u201clei de identidade de g\u00e9nero\u201d, e que permite a mudan\u00e7a de sexo legal e de nome pr\u00f3prio em conservat\u00f3rias de registo civil), desenvolvido pela A ILGA Portugal, em parceria com o ISCTE \u2013 [&hellip;]<\/p>\n","protected":false},"author":2,"featured_media":0,"parent":1377,"menu_order":0,"comment_status":"closed","ping_status":"closed","template":"","meta":{"_genesis_hide_title":false,"_genesis_hide_breadcrumbs":false,"_genesis_hide_singular_image":false,"_genesis_hide_footer_widgets":false,"_genesis_custom_body_class":"","_genesis_custom_post_class":"","_genesis_layout":""},"_links":{"self":[{"href":"https:\/\/eeagrants.cig.gov.pt\/en\/wp-json\/wp\/v2\/pages\/1329"}],"collection":[{"href":"https:\/\/eeagrants.cig.gov.pt\/en\/wp-json\/wp\/v2\/pages"}],"about":[{"href":"https:\/\/eeagrants.cig.gov.pt\/en\/wp-json\/wp\/v2\/types\/page"}],"author":[{"embeddable":true,"href":"https:\/\/eeagrants.cig.gov.pt\/en\/wp-json\/wp\/v2\/users\/2"}],"replies":[{"embeddable":true,"href":"https:\/\/eeagrants.cig.gov.pt\/en\/wp-json\/wp\/v2\/comments?post=1329"}],"version-history":[{"count":2,"href":"https:\/\/eeagrants.cig.gov.pt\/en\/wp-json\/wp\/v2\/pages\/1329\/revisions"}],"predecessor-version":[{"id":2294,"href":"https:\/\/eeagrants.cig.gov.pt\/en\/wp-json\/wp\/v2\/pages\/1329\/revisions\/2294"}],"up":[{"embeddable":true,"href":"https:\/\/eeagrants.cig.gov.pt\/en\/wp-json\/wp\/v2\/pages\/1377"}],"wp:attachment":[{"href":"https:\/\/eeagrants.cig.gov.pt\/en\/wp-json\/wp\/v2\/media?parent=1329"}],"curies":[{"name":"wp","href":"https:\/\/api.w.org\/{rel}","templated":true}]}}