{"id":1333,"date":"2016-11-21T15:28:10","date_gmt":"2016-11-21T15:28:10","guid":{"rendered":"https:\/\/eeagrants.cig.gov.pt\/portugal-mais-igual\/"},"modified":"2017-11-27T16:16:55","modified_gmt":"2017-11-27T16:16:55","slug":"portugal-more-equal-gender-impact-assessment-in-public-policies-and-national-legislative-measures","status":"publish","type":"page","link":"https:\/\/eeagrants.cig.gov.pt\/en\/resultados\/portugal-more-equal-gender-impact-assessment-in-public-policies-and-national-legislative-measures\/","title":{"rendered":"Portugal More Equal \u2013 Gender Impact Assessment in Public Policies and National Legislative Measures"},"content":{"rendered":"<p>&nbsp;<\/p>\n<p><img loading=\"lazy\" class=\"aligncenter size-full wp-image-793\" src=\"https:\/\/eeagrants.cig.gov.pt\/wp-content\/uploads\/2016\/11\/portigualm.png\" alt=\"Portugal Mais Igual\" width=\"460\" height=\"176\" srcset=\"https:\/\/eeagrants.cig.gov.pt\/wp-content\/uploads\/2016\/11\/portigualm.png 460w, https:\/\/eeagrants.cig.gov.pt\/wp-content\/uploads\/2016\/11\/portigualm-300x115.png 300w\" sizes=\"(max-width: 460px) 100vw, 460px\" \/><\/p>\n<p><img loading=\"lazy\" class=\"aligncenter wp-image-1094 size-full\" src=\"https:\/\/eeagrants.cig.gov.pt\/wp-content\/uploads\/2016\/11\/logosportugalmais.png\" alt=\"Log\u00f3tipos Portugal Mais Igual\" width=\"397\" height=\"94\" srcset=\"https:\/\/eeagrants.cig.gov.pt\/wp-content\/uploads\/2016\/11\/logosportugalmais.png 397w, https:\/\/eeagrants.cig.gov.pt\/wp-content\/uploads\/2016\/11\/logosportugalmais-300x71.png 300w\" sizes=\"(max-width: 397px) 100vw, 397px\" \/><\/p>\n<p>&nbsp;<\/p>\n<p><img loading=\"lazy\" class=\"alignnone wp-image-2459 size-full\" src=\"https:\/\/eeagrants.cig.gov.pt\/wp-content\/uploads\/2016\/11\/products.png\" alt=\"Products\" width=\"97\" height=\"29\" \/><\/p>\n<p><strong>Guia Pr\u00e1tico para a Avalia\u00e7\u00e3o Ex-ante do Impacto em Fun\u00e7\u00e3o do G\u00e9nero nas Pol\u00edticas P\u00fablicas e nas Medidas Legislativas Nacionais<\/strong><\/p>\n<p><a href=\"http:\/\/portugalmaisigual.pt\/\" target=\"_blank\"><img loading=\"lazy\" class=\"alignnone wp-image-1105 size-full\" src=\"https:\/\/eeagrants.cig.gov.pt\/wp-content\/uploads\/2016\/11\/guia1.jpg\" alt=\"Guia Pr\u00e1tico para a Avalia\u00e7\u00e3o Ex-ante do Impacto em Fun\u00e7\u00e3o do G\u00e9nero nas Pol\u00edticas P\u00fablicas e nas Medidas Legislativas Nacionais\" width=\"540\" height=\"324\" srcset=\"https:\/\/eeagrants.cig.gov.pt\/wp-content\/uploads\/2016\/11\/guia1.jpg 540w, https:\/\/eeagrants.cig.gov.pt\/wp-content\/uploads\/2016\/11\/guia1-300x180.jpg 300w\" sizes=\"(max-width: 540px) 100vw, 540px\" \/><\/a><\/p>\n<p>&nbsp;<\/p>\n<p><strong>portugalmaisigual.pt<\/strong><\/p>\n<p><a href=\"http:\/\/portugalmaisigual.pt\/\" target=\"_blank\"><img loading=\"lazy\" class=\"alignnone wp-image-1107 size-full\" src=\"https:\/\/eeagrants.cig.gov.pt\/wp-content\/uploads\/2016\/11\/guia2.jpg\" alt=\"portugalmaisigual.pt\" width=\"540\" height=\"324\" srcset=\"https:\/\/eeagrants.cig.gov.pt\/wp-content\/uploads\/2016\/11\/guia2.jpg 540w, https:\/\/eeagrants.cig.gov.pt\/wp-content\/uploads\/2016\/11\/guia2-300x180.jpg 300w\" sizes=\"(max-width: 540px) 100vw, 540px\" \/><\/a><\/p>\n","protected":false},"excerpt":{"rendered":"<p>&nbsp; &nbsp; Guia Pr\u00e1tico para a Avalia\u00e7\u00e3o Ex-ante do Impacto em Fun\u00e7\u00e3o do G\u00e9nero nas Pol\u00edticas P\u00fablicas e nas Medidas Legislativas Nacionais &nbsp; portugalmaisigual.pt<\/p>\n","protected":false},"author":2,"featured_media":0,"parent":1377,"menu_order":0,"comment_status":"closed","ping_status":"closed","template":"","meta":{"_genesis_hide_title":false,"_genesis_hide_breadcrumbs":false,"_genesis_hide_singular_image":false,"_genesis_hide_footer_widgets":false,"_genesis_custom_body_class":"","_genesis_custom_post_class":"","_genesis_layout":""},"_links":{"self":[{"href":"https:\/\/eeagrants.cig.gov.pt\/en\/wp-json\/wp\/v2\/pages\/1333"}],"collection":[{"href":"https:\/\/eeagrants.cig.gov.pt\/en\/wp-json\/wp\/v2\/pages"}],"about":[{"href":"https:\/\/eeagrants.cig.gov.pt\/en\/wp-json\/wp\/v2\/types\/page"}],"author":[{"embeddable":true,"href":"https:\/\/eeagrants.cig.gov.pt\/en\/wp-json\/wp\/v2\/users\/2"}],"replies":[{"embeddable":true,"href":"https:\/\/eeagrants.cig.gov.pt\/en\/wp-json\/wp\/v2\/comments?post=1333"}],"version-history":[{"count":4,"href":"https:\/\/eeagrants.cig.gov.pt\/en\/wp-json\/wp\/v2\/pages\/1333\/revisions"}],"predecessor-version":[{"id":2467,"href":"https:\/\/eeagrants.cig.gov.pt\/en\/wp-json\/wp\/v2\/pages\/1333\/revisions\/2467"}],"up":[{"embeddable":true,"href":"https:\/\/eeagrants.cig.gov.pt\/en\/wp-json\/wp\/v2\/pages\/1377"}],"wp:attachment":[{"href":"https:\/\/eeagrants.cig.gov.pt\/en\/wp-json\/wp\/v2\/media?parent=1333"}],"curies":[{"name":"wp","href":"https:\/\/api.w.org\/{rel}","templated":true}]}}