{"id":1337,"date":"2016-11-20T11:02:40","date_gmt":"2016-11-20T11:02:40","guid":{"rendered":"https:\/\/eeagrants.cig.gov.pt\/materiais-de-disseminacao\/"},"modified":"2017-03-28T09:12:09","modified_gmt":"2017-03-28T09:12:09","slug":"dissemination-materials","status":"publish","type":"page","link":"https:\/\/eeagrants.cig.gov.pt\/en\/pt07\/dissemination-materials\/","title":{"rendered":"Dissemination materials"},"content":{"rendered":"<p>&nbsp;<\/p>\n<p style=\"text-align: center;\"><img loading=\"lazy\" class=\"aligncenter size-full wp-image-1881\" src=\"https:\/\/eeagrants.cig.gov.pt\/wp-content\/uploads\/2016\/11\/agenda.jpg\" alt=\"Agenda PT07 2016\" width=\"160\" height=\"233\" \/> <a href=\"https:\/\/eeagrants.cig.gov.pt\/wp-content\/uploads\/2017\/02\/AGENDA-PT07-2016_final_15_01_2016.pdf\" target=\"_blank\"><strong>Agenda<\/strong> PT07 2016<\/a><\/p>\n<p style=\"text-align: center;\"><img loading=\"lazy\" class=\"aligncenter size-full wp-image-1883\" src=\"https:\/\/eeagrants.cig.gov.pt\/wp-content\/uploads\/2016\/11\/rollup.jpg\" alt=\"Roll Up - Parcerias pela Igualdade de G\u00e9nero\" width=\"102\" height=\"228\" \/> <a href=\"https:\/\/eeagrants.cig.gov.pt\/wp-content\/uploads\/2017\/02\/ROLL-UP-PARCERIAS-PELA-IGUALDADE-DE-G\u00c9NERO.pdf\" target=\"_blank\"><strong>Roll Up<\/strong> &#8211; Parcerias pela Igualdade de G\u00e9nero<\/a><\/p>\n<p style=\"text-align: center;\"><img loading=\"lazy\" class=\"aligncenter size-full wp-image-1885\" src=\"https:\/\/eeagrants.cig.gov.pt\/wp-content\/uploads\/2016\/11\/tripten.jpg\" alt=\"Triptico PT07 - Integra\u00e7\u00e3o da Igualdade de G\u00e9nero (EN)\" width=\"228\" height=\"170\" \/> <a href=\"https:\/\/eeagrants.cig.gov.pt\/wp-content\/uploads\/2017\/02\/Triptico-PT07-Integra\u00e7\u00e3o-da-Igualdade-de-G\u00e9nero-EN.pdf\" target=\"_blank\"><strong>Triptico PT07<\/strong> &#8211; Integra\u00e7\u00e3o da Igualdade de G\u00e9nero (EN)<\/a><\/p>\n<p style=\"text-align: center;\"><img loading=\"lazy\" class=\"aligncenter size-full wp-image-1887\" src=\"https:\/\/eeagrants.cig.gov.pt\/wp-content\/uploads\/2016\/11\/triptpt.jpg\" alt=\"Triptico PT07 - Integra\u00e7\u00e3o da Igualdade de G\u00e9nero (PT)\" width=\"228\" height=\"170\" \/> <a href=\"https:\/\/eeagrants.cig.gov.pt\/wp-content\/uploads\/2017\/02\/Triptico-PT07-Integra\u00e7\u00e3o-da-Igualdade-de-G\u00e9nero-PT.pdf\" target=\"_blank\"><strong>Triptico PT07<\/strong> &#8211; Integra\u00e7\u00e3o da Igualdade de G\u00e9nero (PT)<\/a><\/p>\n<p style=\"text-align: center;\">\n<p style=\"text-align: center;\"><a href=\"https:\/\/eeagrants.cig.gov.pt\/en\/pt07\/dissemination-materials\/other-materials\/\"><strong>Other materials<\/strong> \u00bb<\/a><\/p>\n<p style=\"text-align: center;\">\n","protected":false},"excerpt":{"rendered":"<p>&nbsp; Agenda PT07 2016 Roll Up &#8211; Parcerias pela Igualdade de G\u00e9nero Triptico PT07 &#8211; Integra\u00e7\u00e3o da Igualdade de G\u00e9nero (EN) Triptico PT07 &#8211; Integra\u00e7\u00e3o da Igualdade de G\u00e9nero (PT) Other materials \u00bb<\/p>\n","protected":false},"author":2,"featured_media":0,"parent":1340,"menu_order":0,"comment_status":"closed","ping_status":"closed","template":"","meta":{"_genesis_hide_title":false,"_genesis_hide_breadcrumbs":false,"_genesis_hide_singular_image":false,"_genesis_hide_footer_widgets":false,"_genesis_custom_body_class":"","_genesis_custom_post_class":"","_genesis_layout":""},"_links":{"self":[{"href":"https:\/\/eeagrants.cig.gov.pt\/en\/wp-json\/wp\/v2\/pages\/1337"}],"collection":[{"href":"https:\/\/eeagrants.cig.gov.pt\/en\/wp-json\/wp\/v2\/pages"}],"about":[{"href":"https:\/\/eeagrants.cig.gov.pt\/en\/wp-json\/wp\/v2\/types\/page"}],"author":[{"embeddable":true,"href":"https:\/\/eeagrants.cig.gov.pt\/en\/wp-json\/wp\/v2\/users\/2"}],"replies":[{"embeddable":true,"href":"https:\/\/eeagrants.cig.gov.pt\/en\/wp-json\/wp\/v2\/comments?post=1337"}],"version-history":[{"count":5,"href":"https:\/\/eeagrants.cig.gov.pt\/en\/wp-json\/wp\/v2\/pages\/1337\/revisions"}],"predecessor-version":[{"id":2285,"href":"https:\/\/eeagrants.cig.gov.pt\/en\/wp-json\/wp\/v2\/pages\/1337\/revisions\/2285"}],"up":[{"embeddable":true,"href":"https:\/\/eeagrants.cig.gov.pt\/en\/wp-json\/wp\/v2\/pages\/1340"}],"wp:attachment":[{"href":"https:\/\/eeagrants.cig.gov.pt\/en\/wp-json\/wp\/v2\/media?parent=1337"}],"curies":[{"name":"wp","href":"https:\/\/api.w.org\/{rel}","templated":true}]}}