{"id":1377,"date":"2016-11-01T23:51:13","date_gmt":"2016-11-01T23:51:13","guid":{"rendered":"https:\/\/eeagrants.cig.gov.pt\/resultados\/"},"modified":"2017-03-16T22:16:48","modified_gmt":"2017-03-16T22:16:48","slug":"resultados","status":"publish","type":"page","link":"https:\/\/eeagrants.cig.gov.pt\/en\/resultados\/","title":{"rendered":"Results"},"content":{"rendered":"<hr \/>\n<h2><span style=\"color: #800000;\"><strong>Predefined\u00a0<\/strong><\/span><span style=\"color: #800000;\"><strong>Projects<\/strong><\/span><\/h2>\n<p style=\"text-align: center;\"><a href=\"https:\/\/eeagrants.cig.gov.pt\/en\/resultados\/mens-roles-in-gender-equality-perspective\/\"><img loading=\"lazy\" class=\"aligncenter wp-image-593 size-full\" src=\"https:\/\/eeagrants.cig.gov.pt\/wp-content\/uploads\/2016\/11\/papel_homens.png\" alt=\"O papel dos homens na concilia\u00e7\u00e3o entre a vida pessoal, familiar e profissional em Portugal\" width=\"160\" height=\"160\" srcset=\"https:\/\/eeagrants.cig.gov.pt\/wp-content\/uploads\/2016\/11\/papel_homens.png 160w, https:\/\/eeagrants.cig.gov.pt\/wp-content\/uploads\/2016\/11\/papel_homens-150x150.png 150w\" sizes=\"(max-width: 160px) 100vw, 160px\" \/><\/a><br \/>\n<a href=\"https:\/\/eeagrants.cig.gov.pt\/en\/resultados\/mens-roles-in-gender-equality-perspective\/\">Men\u2019s Roles in Gender Equality Perspective<\/a><\/p>\n<p style=\"text-align: center;\"><a href=\"https:\/\/eeagrants.cig.gov.pt\/en\/resultados\/national-survey-on-time-use-by-men-and-women\/\"><img loading=\"lazy\" class=\"aligncenter wp-image-594 size-full\" src=\"https:\/\/eeagrants.cig.gov.pt\/wp-content\/uploads\/2016\/11\/inut.png\" alt=\"Inqu\u00e9rito Nacional sobre o uso do tempo por mulheres e homens\" width=\"160\" height=\"160\" srcset=\"https:\/\/eeagrants.cig.gov.pt\/wp-content\/uploads\/2016\/11\/inut.png 160w, https:\/\/eeagrants.cig.gov.pt\/wp-content\/uploads\/2016\/11\/inut-150x150.png 150w\" sizes=\"(max-width: 160px) 100vw, 160px\" \/><\/a><br \/>\n<a href=\"https:\/\/eeagrants.cig.gov.pt\/en\/resultados\/national-survey-on-time-use-by-men-and-women\/\">National Survey on Time Use by Men and Women<\/a><\/p>\n<p style=\"text-align: center;\"><a href=\"https:\/\/eeagrants.cig.gov.pt\/en\/resultados\/sexual-and-moral-harassment-in-the-workplace\/\"><img loading=\"lazy\" class=\"aligncenter wp-image-595 size-full\" src=\"https:\/\/eeagrants.cig.gov.pt\/wp-content\/uploads\/2016\/11\/Ass_Sexual_Moral.png\" alt=\"Ass\u00e9dio Sexual e Moral no Local de Trabalho\" width=\"160\" height=\"160\" srcset=\"https:\/\/eeagrants.cig.gov.pt\/wp-content\/uploads\/2016\/11\/Ass_Sexual_Moral.png 160w, https:\/\/eeagrants.cig.gov.pt\/wp-content\/uploads\/2016\/11\/Ass_Sexual_Moral-150x150.png 150w\" sizes=\"(max-width: 160px) 100vw, 160px\" \/><\/a><br \/>\n<a href=\"https:\/\/eeagrants.cig.gov.pt\/en\/resultados\/sexual-and-moral-harassment-in-the-workplace\/\">Sexual and Moral Harassment in the Workplace<\/a><\/p>\n<p>&nbsp;<\/p>\n<hr \/>\n<h2><span style=\"color: #800000;\"><strong>1st Open Call<\/strong><\/span><\/h2>\n<p style=\"text-align: center;\"><a href=\"https:\/\/eeagrants.cig.gov.pt\/en\/resultados\/break-even-gender-equality-in-companies\/\"><img loading=\"lazy\" class=\"aligncenter wp-image-597 size-full\" src=\"https:\/\/eeagrants.cig.gov.pt\/wp-content\/uploads\/2016\/11\/IGE_Logo_Final_B3.png\" alt=\"Igualdade de G\u00e9nero nas Empresas \u2013 Break Even\" width=\"160\" height=\"160\" srcset=\"https:\/\/eeagrants.cig.gov.pt\/wp-content\/uploads\/2016\/11\/IGE_Logo_Final_B3.png 160w, https:\/\/eeagrants.cig.gov.pt\/wp-content\/uploads\/2016\/11\/IGE_Logo_Final_B3-150x150.png 150w\" sizes=\"(max-width: 160px) 100vw, 160px\" \/><\/a><a href=\"https:\/\/eeagrants.cig.gov.pt\/en\/resultados\/break-even-gender-equality-in-companies\/\">Break Even \u2013 Gender equality in companies<\/a><\/p>\n<p style=\"text-align: center;\"><a href=\"https:\/\/eeagrants.cig.gov.pt\/en\/resultados\/working-genderation-at-work-and-in-life\/\"><img loading=\"lazy\" class=\"aligncenter wp-image-596 size-full\" src=\"https:\/\/eeagrants.cig.gov.pt\/wp-content\/uploads\/2016\/11\/logo_Projeto_PT.png\" alt=\"Working Genderation \u2013 no Trabalho e na Vida\" width=\"160\" height=\"160\" srcset=\"https:\/\/eeagrants.cig.gov.pt\/wp-content\/uploads\/2016\/11\/logo_Projeto_PT.png 160w, https:\/\/eeagrants.cig.gov.pt\/wp-content\/uploads\/2016\/11\/logo_Projeto_PT-150x150.png 150w\" sizes=\"(max-width: 160px) 100vw, 160px\" \/><\/a><a href=\"https:\/\/eeagrants.cig.gov.pt\/en\/resultados\/working-genderation-at-work-and-in-life\/\">Working Genderation \u2013 at Work and in Life<\/a><\/p>\n<p>&nbsp;<\/p>\n<hr \/>\n<h2><span style=\"color: #800000;\"><strong>2nd Open Call<\/strong><\/span><\/h2>\n<p style=\"text-align: center;\"><a href=\"https:\/\/eeagrants.cig.gov.pt\/en\/resultados\/local-gender-equality-gender-mainstreaming-at-the-local-level\/\"><img loading=\"lazy\" class=\"aligncenter wp-image-599 size-full\" src=\"https:\/\/eeagrants.cig.gov.pt\/wp-content\/uploads\/2016\/11\/LGE_logo.png\" alt=\"Local Gender Equality \u2013 Mainstreaming de g\u00e9nero nas comunidades locais\" width=\"160\" height=\"160\" srcset=\"https:\/\/eeagrants.cig.gov.pt\/wp-content\/uploads\/2016\/11\/LGE_logo.png 160w, https:\/\/eeagrants.cig.gov.pt\/wp-content\/uploads\/2016\/11\/LGE_logo-150x150.png 150w\" sizes=\"(max-width: 160px) 100vw, 160px\" \/><\/a><a href=\"https:\/\/eeagrants.cig.gov.pt\/en\/resultados\/local-gender-equality-gender-mainstreaming-at-the-local-level\/\">Local Gender Equality \u2013 Gender mainstreaming at the local level<\/a><\/p>\n<p style=\"text-align: center;\"><a href=\"https:\/\/eeagrants.cig.gov.pt\/en\/resultados\/genmob-gender-and-mobility-inequality-in-space-time\/\"><img loading=\"lazy\" class=\"aligncenter wp-image-598 size-full\" src=\"https:\/\/eeagrants.cig.gov.pt\/wp-content\/uploads\/2016\/11\/logo_projeto_IGOT.png\" alt=\"GENMOB \u2013 Mobilidade de g\u00e9nero: desigualdade esp\u00e1cio-temporal\" width=\"160\" height=\"160\" srcset=\"https:\/\/eeagrants.cig.gov.pt\/wp-content\/uploads\/2016\/11\/logo_projeto_IGOT.png 160w, https:\/\/eeagrants.cig.gov.pt\/wp-content\/uploads\/2016\/11\/logo_projeto_IGOT-150x150.png 150w\" sizes=\"(max-width: 160px) 100vw, 160px\" \/><\/a><a href=\"https:\/\/eeagrants.cig.gov.pt\/en\/resultados\/genmob-gender-and-mobility-inequality-in-space-time\/\">GENMOB \u2013 Gender and mobility: inequality in space time<\/a><\/p>\n<p>&nbsp;<\/p>\n<hr \/>\n<h2><span style=\"color: #800000;\"><strong>Small Grant Scheme<\/strong><\/span><\/h2>\n<p style=\"text-align: center;\"><a href=\"https:\/\/eeagrants.cig.gov.pt\/en\/resultados\/igos-gender-equality-odivelas-and-seixal\/\"><img loading=\"lazy\" class=\"aligncenter wp-image-600 size-full\" src=\"https:\/\/eeagrants.cig.gov.pt\/wp-content\/uploads\/2016\/11\/assinatura.png\" alt=\"IG-OS - Igualdade de G\u00e9nero - Odivelas e Seixal\" width=\"160\" height=\"160\" srcset=\"https:\/\/eeagrants.cig.gov.pt\/wp-content\/uploads\/2016\/11\/assinatura.png 160w, https:\/\/eeagrants.cig.gov.pt\/wp-content\/uploads\/2016\/11\/assinatura-150x150.png 150w\" sizes=\"(max-width: 160px) 100vw, 160px\" \/><\/a><a href=\"https:\/\/eeagrants.cig.gov.pt\/en\/resultados\/igos-gender-equality-odivelas-and-seixal\/\">IGOS \u2013 Gender Equality: Odivelas and Seixal<\/a><\/p>\n<p style=\"text-align: center;\"><a href=\"https:\/\/eeagrants.cig.gov.pt\/en\/resultados\/the-gender-identity-law-impact-and-challenges-of-legal-innovation-in-the-transgender-area\/\"><img loading=\"lazy\" class=\"aligncenter wp-image-601 size-full\" src=\"https:\/\/eeagrants.cig.gov.pt\/wp-content\/uploads\/2016\/11\/Lei_Identidade_Gen.png\" alt=\"A \u2018lei de identidade de g\u00e9nero\u2019: Impacto e desafios da inova\u00e7\u00e3o legal na \u00e1rea do (trans)g\u00e9nero\" width=\"160\" height=\"160\" srcset=\"https:\/\/eeagrants.cig.gov.pt\/wp-content\/uploads\/2016\/11\/Lei_Identidade_Gen.png 160w, https:\/\/eeagrants.cig.gov.pt\/wp-content\/uploads\/2016\/11\/Lei_Identidade_Gen-150x150.png 150w\" sizes=\"(max-width: 160px) 100vw, 160px\" \/><\/a><a href=\"https:\/\/eeagrants.cig.gov.pt\/en\/resultados\/the-gender-identity-law-impact-and-challenges-of-legal-innovation-in-the-transgender-area\/\">The Gender Identity Law<\/a><\/p>\n<p style=\"text-align: center;\"><a href=\"https:\/\/eeagrants.cig.gov.pt\/en\/resultados\/equality-network\/\"><img loading=\"lazy\" class=\"size-full wp-image-602 aligncenter\" src=\"https:\/\/eeagrants.cig.gov.pt\/wp-content\/uploads\/2016\/11\/rede_igualdade.png\" alt=\"Rede Igualdade +\" width=\"160\" height=\"160\" srcset=\"https:\/\/eeagrants.cig.gov.pt\/wp-content\/uploads\/2016\/11\/rede_igualdade.png 160w, https:\/\/eeagrants.cig.gov.pt\/wp-content\/uploads\/2016\/11\/rede_igualdade-150x150.png 150w\" sizes=\"(max-width: 160px) 100vw, 160px\" \/><\/a><a href=\"https:\/\/eeagrants.cig.gov.pt\/en\/resultados\/equality-network\/\">Equality Network +<\/a><\/p>\n<p style=\"text-align: center;\"><a href=\"https:\/\/eeagrants.cig.gov.pt\/en\/resultados\/portugal-more-equal-gender-impact-assessment-in-public-policies-and-national-legislative-measures\/\"><img loading=\"lazy\" class=\"aligncenter wp-image-603 size-full\" src=\"https:\/\/eeagrants.cig.gov.pt\/wp-content\/uploads\/2016\/11\/Portugal_Mais_Igual.png\" alt=\"Portugal Mais Igual\" width=\"160\" height=\"160\" srcset=\"https:\/\/eeagrants.cig.gov.pt\/wp-content\/uploads\/2016\/11\/Portugal_Mais_Igual.png 160w, https:\/\/eeagrants.cig.gov.pt\/wp-content\/uploads\/2016\/11\/Portugal_Mais_Igual-150x150.png 150w\" sizes=\"(max-width: 160px) 100vw, 160px\" \/><\/a><a href=\"https:\/\/eeagrants.cig.gov.pt\/en\/resultados\/portugal-more-equal-gender-impact-assessment-in-public-policies-and-national-legislative-measures\/\">Portugal More Equal<\/a><\/p>\n<p style=\"text-align: center;\"><a href=\"https:\/\/eeagrants.cig.gov.pt\/en\/resultados\/equality-balance\/\"><img loading=\"lazy\" class=\"aligncenter wp-image-604 size-full\" src=\"https:\/\/eeagrants.cig.gov.pt\/wp-content\/uploads\/2016\/11\/logo_Equality.png\" alt=\"Equality Balance\" width=\"160\" height=\"160\" srcset=\"https:\/\/eeagrants.cig.gov.pt\/wp-content\/uploads\/2016\/11\/logo_Equality.png 160w, https:\/\/eeagrants.cig.gov.pt\/wp-content\/uploads\/2016\/11\/logo_Equality-150x150.png 150w\" sizes=\"(max-width: 160px) 100vw, 160px\" \/><\/a><a href=\"https:\/\/eeagrants.cig.gov.pt\/en\/resultados\/equality-balance\/\">Equality Balance<\/a><\/p>\n","protected":false},"excerpt":{"rendered":"<p>Predefined\u00a0Projects Men\u2019s Roles in Gender Equality Perspective National Survey on Time Use by Men and Women Sexual and Moral Harassment in the Workplace &nbsp; 1st Open Call Break Even \u2013 Gender equality in companies Working Genderation \u2013 at Work and in Life &nbsp; 2nd Open Call Local Gender Equality \u2013 Gender mainstreaming at the local [&hellip;]<\/p>\n","protected":false},"author":2,"featured_media":0,"parent":0,"menu_order":0,"comment_status":"closed","ping_status":"closed","template":"","meta":{"_genesis_hide_title":false,"_genesis_hide_breadcrumbs":false,"_genesis_hide_singular_image":false,"_genesis_hide_footer_widgets":false,"_genesis_custom_body_class":"","_genesis_custom_post_class":"","_genesis_layout":""},"_links":{"self":[{"href":"https:\/\/eeagrants.cig.gov.pt\/en\/wp-json\/wp\/v2\/pages\/1377"}],"collection":[{"href":"https:\/\/eeagrants.cig.gov.pt\/en\/wp-json\/wp\/v2\/pages"}],"about":[{"href":"https:\/\/eeagrants.cig.gov.pt\/en\/wp-json\/wp\/v2\/types\/page"}],"author":[{"embeddable":true,"href":"https:\/\/eeagrants.cig.gov.pt\/en\/wp-json\/wp\/v2\/users\/2"}],"replies":[{"embeddable":true,"href":"https:\/\/eeagrants.cig.gov.pt\/en\/wp-json\/wp\/v2\/comments?post=1377"}],"version-history":[{"count":5,"href":"https:\/\/eeagrants.cig.gov.pt\/en\/wp-json\/wp\/v2\/pages\/1377\/revisions"}],"predecessor-version":[{"id":1914,"href":"https:\/\/eeagrants.cig.gov.pt\/en\/wp-json\/wp\/v2\/pages\/1377\/revisions\/1914"}],"wp:attachment":[{"href":"https:\/\/eeagrants.cig.gov.pt\/en\/wp-json\/wp\/v2\/media?parent=1377"}],"curies":[{"name":"wp","href":"https:\/\/api.w.org\/{rel}","templated":true}]}}