{"id":1381,"date":"2016-11-01T23:50:35","date_gmt":"2016-11-01T23:50:35","guid":{"rendered":"https:\/\/eeagrants.cig.gov.pt\/projetos\/"},"modified":"2017-03-16T22:19:47","modified_gmt":"2017-03-16T22:19:47","slug":"projetos","status":"publish","type":"page","link":"https:\/\/eeagrants.cig.gov.pt\/en\/projetos\/","title":{"rendered":"Projects"},"content":{"rendered":"<hr \/>\n<h3 style=\"text-align: center;\"><\/h3>\n<h3 style=\"text-align: center;\"><span style=\"color: #800000;\"><strong>1st Open Call Projects<\/strong><\/span><\/h3>\n<p style=\"text-align: center;\"><a href=\"https:\/\/eeagrants.cig.gov.pt\/en\/projetos\/1a-open-call\/break-even-gender-equality-in-companies\/\"><img loading=\"lazy\" class=\"aligncenter wp-image-1026\" src=\"https:\/\/eeagrants.cig.gov.pt\/wp-content\/uploads\/2016\/11\/120_IGE_Logo_Final_B3.png\" alt=\"Igualdade de G\u00e9nero nas Empresas \u2013 Break Even\" width=\"120\" height=\"120\" \/><\/a><a href=\"https:\/\/eeagrants.cig.gov.pt\/en\/projetos\/1a-open-call\/break-even-gender-equality-in-companies\/\">Break Even \u2013 Gender equality in companies<\/a><\/p>\n<p style=\"text-align: center;\"><a href=\"https:\/\/eeagrants.cig.gov.pt\/en\/projetos\/1a-open-call\/working-genderation-at-work-and-in-life\/\"><img loading=\"lazy\" class=\"aligncenter wp-image-1034\" src=\"https:\/\/eeagrants.cig.gov.pt\/wp-content\/uploads\/2016\/11\/120_logo_Projeto_PT.png\" alt=\"Working Genderation \u2013 no Trabalho e na Vida\" width=\"120\" height=\"120\" \/><\/a><a href=\"https:\/\/eeagrants.cig.gov.pt\/en\/projetos\/1a-open-call\/working-genderation-at-work-and-in-life\/\">Working Genderation \u2013 at Work and in Life<\/a><\/p>\n<p>&nbsp;<\/p>\n<hr \/>\n<h3 style=\"text-align: center;\"><\/h3>\n<h3 style=\"text-align: center;\"><span style=\"color: #800000;\"><strong>2nd Open Call Projects<\/strong><\/span><\/h3>\n<p style=\"text-align: center;\"><a href=\"https:\/\/eeagrants.cig.gov.pt\/en\/projetos\/2a-open-call\/local-gender-equality-gender-mainstreaming-at-the-local-level\/\"><img loading=\"lazy\" class=\"aligncenter wp-image-1033\" src=\"https:\/\/eeagrants.cig.gov.pt\/wp-content\/uploads\/2016\/11\/120_LGE_logo.png\" alt=\"Local Gender Equality \u2013 Mainstreaming de g\u00e9nero nas comunidades locais\" width=\"120\" height=\"120\" \/><\/a><a href=\"https:\/\/eeagrants.cig.gov.pt\/en\/projetos\/2a-open-call\/local-gender-equality-gender-mainstreaming-at-the-local-level\/\">Local Gender Equality \u2013 Gender mainstreaming at the local level<\/a><\/p>\n<p style=\"text-align: center;\"><a href=\"https:\/\/eeagrants.cig.gov.pt\/en\/projetos\/2a-open-call\/genmob-gender-and-mobility-inequality-in-space-time\/\"><img loading=\"lazy\" class=\"aligncenter wp-image-1032\" src=\"https:\/\/eeagrants.cig.gov.pt\/wp-content\/uploads\/2016\/11\/120_logo_projeto_IGOT.png\" alt=\"GENMOB \u2013 Mobilidade de g\u00e9nero: desigualdade esp\u00e1cio-temporal\" width=\"120\" height=\"120\" \/><\/a><a href=\"https:\/\/eeagrants.cig.gov.pt\/en\/projetos\/2a-open-call\/genmob-gender-and-mobility-inequality-in-space-time\/\">GENMOB \u2013 Gender and mobility: inequality in space time<\/a><\/p>\n<p>&nbsp;<\/p>\n<hr \/>\n<h3 style=\"text-align: center;\"><\/h3>\n<h3 style=\"text-align: center;\"><span style=\"color: #800000;\"><strong>Small Grant Scheme<\/strong><\/span><\/h3>\n<p style=\"text-align: center;\"><a href=\"https:\/\/eeagrants.cig.gov.pt\/en\/projetos\/projectos-de-menor-dimensao\/igos-gender-equality-odivelas-and-seixal\/\"><img loading=\"lazy\" class=\"aligncenter wp-image-1031\" src=\"https:\/\/eeagrants.cig.gov.pt\/wp-content\/uploads\/2016\/11\/120_assinatura.png\" alt=\"IG-OS - Igualdade de G\u00e9nero - Odivelas e Seixal\" width=\"120\" height=\"120\" \/><\/a><a href=\"https:\/\/eeagrants.cig.gov.pt\/en\/projetos\/projectos-de-menor-dimensao\/igos-gender-equality-odivelas-and-seixal\/\">IGOS \u2013 Gender Equality: Odivelas and Seixal<\/a><\/p>\n<p style=\"text-align: center;\"><a href=\"https:\/\/eeagrants.cig.gov.pt\/en\/projetos\/projectos-de-menor-dimensao\/the-gender-identity-law-impact-and-challenges-of-legal-innovation-in-the-transgender-area\/\"><img loading=\"lazy\" class=\"aligncenter wp-image-1030\" src=\"https:\/\/eeagrants.cig.gov.pt\/wp-content\/uploads\/2016\/11\/120_Lei_Identidade_Gen.png\" alt=\"A \u2018lei de identidade de g\u00e9nero\u2019: Impacto e desafios da inova\u00e7\u00e3o legal na \u00e1rea do (trans)g\u00e9nero\" width=\"120\" height=\"120\" \/><\/a><a href=\"https:\/\/eeagrants.cig.gov.pt\/en\/projetos\/projectos-de-menor-dimensao\/the-gender-identity-law-impact-and-challenges-of-legal-innovation-in-the-transgender-area\/\">The Gender Identity Law<\/a><\/p>\n<p style=\"text-align: center;\"><a href=\"https:\/\/eeagrants.cig.gov.pt\/en\/projetos\/projectos-de-menor-dimensao\/equality-network\/\"><img loading=\"lazy\" class=\"size-full wp-image-1029\" src=\"https:\/\/eeagrants.cig.gov.pt\/wp-content\/uploads\/2016\/11\/120_rede_igualdade.png\" alt=\"Rede Igualdade +\" width=\"120\" height=\"120\" \/><br \/>\n<\/a><a href=\"https:\/\/eeagrants.cig.gov.pt\/en\/projetos\/projectos-de-menor-dimensao\/equality-network\/\">Equality Network +<\/a><\/p>\n<p style=\"text-align: center;\"><a href=\"https:\/\/eeagrants.cig.gov.pt\/en\/projetos\/projectos-de-menor-dimensao\/portugal-more-equal-gender-impact-assessment-in-public-policies-and-national-legislative-measures\/\"><img loading=\"lazy\" class=\"aligncenter wp-image-1028\" src=\"https:\/\/eeagrants.cig.gov.pt\/wp-content\/uploads\/2016\/11\/120_Portugal_Mais_Igual.png\" alt=\"Portugal Mais Igual\" width=\"120\" height=\"120\" \/><\/a><a href=\"https:\/\/eeagrants.cig.gov.pt\/en\/projetos\/projectos-de-menor-dimensao\/portugal-more-equal-gender-impact-assessment-in-public-policies-and-national-legislative-measures\/\">Portugal More Equal<\/a><\/p>\n<p style=\"text-align: center;\"><a href=\"https:\/\/eeagrants.cig.gov.pt\/en\/projetos\/projectos-de-menor-dimensao\/equality-balance\/\"><img loading=\"lazy\" class=\"aligncenter wp-image-1027\" src=\"https:\/\/eeagrants.cig.gov.pt\/wp-content\/uploads\/2016\/11\/120_logo_Equality.png\" alt=\"Equality Balance\" width=\"120\" height=\"120\" \/><\/a><a href=\"https:\/\/eeagrants.cig.gov.pt\/en\/projetos\/projectos-de-menor-dimensao\/equality-balance\/\">Equality Balance<\/a><\/p>\n","protected":false},"excerpt":{"rendered":"<p>1st Open Call Projects Break Even \u2013 Gender equality in companies Working Genderation \u2013 at Work and in Life &nbsp; 2nd Open Call Projects Local Gender Equality \u2013 Gender mainstreaming at the local level GENMOB \u2013 Gender and mobility: inequality in space time &nbsp; Small Grant Scheme IGOS \u2013 Gender Equality: Odivelas and Seixal The [&hellip;]<\/p>\n","protected":false},"author":2,"featured_media":0,"parent":0,"menu_order":0,"comment_status":"closed","ping_status":"closed","template":"","meta":{"_genesis_hide_title":false,"_genesis_hide_breadcrumbs":false,"_genesis_hide_singular_image":false,"_genesis_hide_footer_widgets":false,"_genesis_custom_body_class":"","_genesis_custom_post_class":"","_genesis_layout":""},"_links":{"self":[{"href":"https:\/\/eeagrants.cig.gov.pt\/en\/wp-json\/wp\/v2\/pages\/1381"}],"collection":[{"href":"https:\/\/eeagrants.cig.gov.pt\/en\/wp-json\/wp\/v2\/pages"}],"about":[{"href":"https:\/\/eeagrants.cig.gov.pt\/en\/wp-json\/wp\/v2\/types\/page"}],"author":[{"embeddable":true,"href":"https:\/\/eeagrants.cig.gov.pt\/en\/wp-json\/wp\/v2\/users\/2"}],"replies":[{"embeddable":true,"href":"https:\/\/eeagrants.cig.gov.pt\/en\/wp-json\/wp\/v2\/comments?post=1381"}],"version-history":[{"count":3,"href":"https:\/\/eeagrants.cig.gov.pt\/en\/wp-json\/wp\/v2\/pages\/1381\/revisions"}],"predecessor-version":[{"id":1915,"href":"https:\/\/eeagrants.cig.gov.pt\/en\/wp-json\/wp\/v2\/pages\/1381\/revisions\/1915"}],"wp:attachment":[{"href":"https:\/\/eeagrants.cig.gov.pt\/en\/wp-json\/wp\/v2\/media?parent=1381"}],"curies":[{"name":"wp","href":"https:\/\/api.w.org\/{rel}","templated":true}]}}