{"id":1383,"date":"2016-11-01T23:50:21","date_gmt":"2016-11-01T23:50:21","guid":{"rendered":"https:\/\/eeagrants.cig.gov.pt\/documentos\/"},"modified":"2017-03-28T09:40:42","modified_gmt":"2017-03-28T09:40:42","slug":"documentation","status":"publish","type":"page","link":"https:\/\/eeagrants.cig.gov.pt\/en\/documentation\/","title":{"rendered":"Documentation"},"content":{"rendered":"<h3>Documents of\u00a0Reference<\/h3>\n<ul>\n<li><a href=\"https:\/\/eeagrants.cig.gov.pt\/wp-content\/uploads\/2017\/03\/EN_Memorando_Entendimento_2009-2014.pdf\" target=\"_blank\">Memorando de Entendimento\u00a0&#8211; entrou em vigor a 30 de Mar\u00e7o de 2012<\/a><\/li>\n<li><a href=\"https:\/\/eeagrants.cig.gov.pt\/wp-content\/uploads\/2017\/03\/MoU_ANNEXA4Nov2014.pdf\" target=\"_blank\">Anexo A &#8211; modifica\u00e7\u00e3o de 4 de Novembro 2014<\/a><\/li>\n<li><a href=\"https:\/\/eeagrants.cig.gov.pt\/wp-content\/uploads\/2017\/03\/annex-a-2nd-amendment-june-2016.pdf\" target=\"_blank\">Anexo A &#8211; modifica\u00e7\u00e3o de 21 de Junho 2016<\/a><\/li>\n<li><a href=\"https:\/\/eeagrants.cig.gov.pt\/wp-content\/uploads\/2017\/03\/MoU_Annex-B_Amendment_Feb2014.pdf\" target=\"_blank\">Anexo B &#8211; modifica\u00e7\u00e3o de 28 de Fevereiro 2014<\/a><\/li>\n<\/ul>\n<ul>\n<li><a href=\"https:\/\/eeagrants.cig.gov.pt\/wp-content\/uploads\/2017\/03\/PT_RCM_26-2012_14-03.pdf\" target=\"_blank\">Resolu\u00e7\u00e3o de Conselho de Ministros n\u00ba 26\/2012, de 14 de Mar\u00e7o<\/a><\/li>\n<li><a href=\"https:\/\/eeagrants.cig.gov.pt\/wp-content\/uploads\/2017\/03\/PT_RCM_47-A_2014_25-07.pdf\" target=\"_blank\">Resolu\u00e7\u00e3o do Conselho de Ministros n.\u00ba 47-A\/2014, de 25 de Julho &#8211; Republica a Resolu\u00e7\u00e3o do Conselho de Ministros n.\u00ba 26\/2012, de 14 de mar\u00e7o<\/a><\/li>\n<\/ul>\n<h3>EEA Grants<\/h3>\n<ul>\n<li><a href=\"https:\/\/eeagrants.cig.gov.pt\/wp-content\/uploads\/2017\/02\/2015PortugalFactSheetupdateApril2015_WEB.pdf\" target=\"_blank\">2015 Portugal Fact Sheet<\/a><\/li>\n<li><a href=\"https:\/\/eeagrants.cig.gov.pt\/wp-content\/uploads\/2017\/02\/2016_GenderequalityfactsheetUpdate_02.pdf\" target=\"_blank\">2016 Gender Equality Fact Sheet<\/a><\/li>\n<li><a href=\"https:\/\/cld.pt\/dl\/download\/8d11e1cc-7829-47c8-ad2b-9478f08f5b7d\/FMO_Gender%2Bprogrammes%2Bbrochure_WEB_FIN.pdf\" target=\"_blank\">FMO Gender Programmes Brochure<\/a><\/li>\n<li><a href=\"https:\/\/cld.pt\/dl\/download\/a8059de4-f3f7-43e9-9a91-c22d80e2f559\/Gender%2BProgrammes_Rapid%2BAssessment_Final%2Breport.pdf\" target=\"_blank\">Rapid Assessment of EEA and Norway Grants\u2019 Support to Gender Programmes<\/a><\/li>\n<\/ul>\n<h3>Project Promoters<\/h3>\n<ul>\n<li>Avisos de Abertura\n<ul>\n<li><a href=\"https:\/\/cld.pt\/dl\/download\/b0a4977b-2530-426b-898b-d28d2a1aec45\/Form_eeagrants-candidatura.pdf\" target=\"_blank\">Formul\u00e1rio de candidatura<\/a><\/li>\n<li><a href=\"https:\/\/eeagrants.cig.gov.pt\/wp-content\/uploads\/2017\/02\/Methodology_Flat_Rate_PT07_CIG.pdf\" target=\"_blank\">Methodology on the calculation of the flat rate<\/a><\/li>\n<li><a href=\"https:\/\/eeagrants.cig.gov.pt\/wp-content\/uploads\/2017\/02\/PT07_-Template_1_Open_Call_EN.pdf\" target=\"_blank\">PT07 &#8211; Template 1st Open Call for Application\u00a0EN<\/a><\/li>\n<li><a href=\"https:\/\/eeagrants.cig.gov.pt\/wp-content\/uploads\/2017\/02\/PT07_Template_1_Open_Call_PT.pdf\" target=\"_blank\">PT07 &#8211; Template 1st Open Call for Application PT<\/a><\/li>\n<li><a href=\"https:\/\/eeagrants.cig.gov.pt\/wp-content\/uploads\/2017\/02\/PT07_Template_2_Open_Call_EN.pdf\" target=\"_blank\">PT07 &#8211; Template 2nd\u00a0Open Call for Application\u00a0EN<\/a><\/li>\n<li><a href=\"https:\/\/eeagrants.cig.gov.pt\/wp-content\/uploads\/2017\/02\/PT07_Template_2_Open_Call_PT.pdf\" target=\"_blank\">PT07 &#8211; Template 2nd\u00a0Open Call for Application PT<\/a><\/li>\n<li><a href=\"https:\/\/eeagrants.cig.gov.pt\/wp-content\/uploads\/2017\/02\/PT07_Template_SGS_EN.pdf\" target=\"_blank\">PT07 &#8211; Template SGS\u00a0EN<\/a><\/li>\n<li><a href=\"https:\/\/eeagrants.cig.gov.pt\/wp-content\/uploads\/2017\/02\/PT07_Template_SGS_PT.pdf\" target=\"_blank\">PT07 &#8211; Template SGS PT<\/a><\/li>\n<\/ul>\n<\/li>\n<li><a href=\"https:\/\/eeagrants.cig.gov.pt\/wp-content\/uploads\/2017\/02\/Annex4-Informationandpublicityrequirements_amendedFINAL.pdf\" target=\"_blank\">Annex 4 &#8211; Information and Publicity Requirements<\/a><\/li>\n<li><a href=\"https:\/\/cld.pt\/dl\/download\/4ac81ad6-13a5-4790-9c46-9a2f8a5c3dc4\/Communication%2Bmanual.pdf\" target=\"_blank\">Communication and Design Manual<\/a><\/li>\n<li><a href=\"https:\/\/eeagrants.cig.gov.pt\/wp-content\/uploads\/2017\/02\/Estrutura_Relat\u00f3rio_Execu\u00e7\u00e3o_F\u00ecsica.pdf\" target=\"_blank\">Estrutura Relat\u00f3rio Execu\u00e7\u00e3o F\u00edsica<\/a><\/li>\n<li><a href=\"https:\/\/eeagrants.cig.gov.pt\/wp-content\/uploads\/2017\/02\/Lista-de-Despesas-Executadas-e-Pagas.xlsx\" target=\"_blank\">Lista de Despesas Executadas e Pagas<\/a><\/li>\n<li><a href=\"https:\/\/eeagrants.cig.gov.pt\/wp-content\/uploads\/2017\/02\/Presentation-PLI_-project_level_information.ppt\" target=\"_blank\">Presentation PLI &#8211; Project Level Information<\/a><\/li>\n<\/ul>\n<h3>PT07<\/h3>\n<ul>\n<li><a href=\"https:\/\/eeagrants.cig.gov.pt\/wp-content\/uploads\/2017\/02\/PA-signed-PT07_oficial.pdf\" target=\"_blank\">Programme Agreement signed &#8211; PT07<\/a><\/li>\n<li><a href=\"https:\/\/eeagrants.cig.gov.pt\/wp-content\/uploads\/2017\/02\/ProgrammeOperators\u2019Manual.pdf\" target=\"_blank\">Annex 9 &#8211; Programme Operators\u2019 Manual<\/a><\/li>\n<li><a href=\"https:\/\/eeagrants.cig.gov.pt\/wp-content\/uploads\/2017\/02\/PT_RCM_26-2012_14-03.pdf\" target=\"_blank\">Resolu\u00e7\u00e3o do Conselho de Ministros n.\u00ba 26\/2012<\/a><\/li>\n<li><a href=\"https:\/\/eeagrants.cig.gov.pt\/wp-content\/uploads\/2017\/02\/PT07-Sistema-de-Gest\u00e3o-e-Controlo_20_04_2016.pdf\" target=\"_blank\">PT07 &#8211; Sistema de Gest\u00e3o e Controlo<\/a><\/li>\n<li><a href=\"https:\/\/eeagrants.cig.gov.pt\/wp-content\/uploads\/2017\/02\/PT07-Draft-Programme-Agreement_2015_11_30_15_59_38.pdf\" target=\"_blank\">PT07 &#8211; Draft Programme Agreement<\/a><\/li>\n<\/ul>\n<h3>Comunication\u00a0and Publicity<\/h3>\n<ul>\n<li><a href=\"http:\/\/eeagrants.org\/Results-data\/Toolbox-for-programmes\/Communications\" target=\"_blank\">Comunica\u00e7\u00e3o e Publicidade<\/a><\/li>\n<\/ul>\n<h3><\/h3>\n","protected":false},"excerpt":{"rendered":"<p>Documents of\u00a0Reference Memorando de Entendimento\u00a0&#8211; entrou em vigor a 30 de Mar\u00e7o de 2012 Anexo A &#8211; modifica\u00e7\u00e3o de 4 de Novembro 2014 Anexo A &#8211; modifica\u00e7\u00e3o de 21 de Junho 2016 Anexo B &#8211; modifica\u00e7\u00e3o de 28 de Fevereiro 2014 Resolu\u00e7\u00e3o de Conselho de Ministros n\u00ba 26\/2012, de 14 de Mar\u00e7o Resolu\u00e7\u00e3o do Conselho [&hellip;]<\/p>\n","protected":false},"author":2,"featured_media":0,"parent":0,"menu_order":0,"comment_status":"closed","ping_status":"closed","template":"","meta":{"_genesis_hide_title":false,"_genesis_hide_breadcrumbs":false,"_genesis_hide_singular_image":false,"_genesis_hide_footer_widgets":false,"_genesis_custom_body_class":"","_genesis_custom_post_class":"","_genesis_layout":""},"_links":{"self":[{"href":"https:\/\/eeagrants.cig.gov.pt\/en\/wp-json\/wp\/v2\/pages\/1383"}],"collection":[{"href":"https:\/\/eeagrants.cig.gov.pt\/en\/wp-json\/wp\/v2\/pages"}],"about":[{"href":"https:\/\/eeagrants.cig.gov.pt\/en\/wp-json\/wp\/v2\/types\/page"}],"author":[{"embeddable":true,"href":"https:\/\/eeagrants.cig.gov.pt\/en\/wp-json\/wp\/v2\/users\/2"}],"replies":[{"embeddable":true,"href":"https:\/\/eeagrants.cig.gov.pt\/en\/wp-json\/wp\/v2\/comments?post=1383"}],"version-history":[{"count":6,"href":"https:\/\/eeagrants.cig.gov.pt\/en\/wp-json\/wp\/v2\/pages\/1383\/revisions"}],"predecessor-version":[{"id":2296,"href":"https:\/\/eeagrants.cig.gov.pt\/en\/wp-json\/wp\/v2\/pages\/1383\/revisions\/2296"}],"wp:attachment":[{"href":"https:\/\/eeagrants.cig.gov.pt\/en\/wp-json\/wp\/v2\/media?parent=1383"}],"curies":[{"name":"wp","href":"https:\/\/api.w.org\/{rel}","templated":true}]}}